{"id":21,"date":"2018-09-15T11:49:00","date_gmt":"2018-09-15T09:49:00","guid":{"rendered":"http:\/\/athae.com\/?page_id=21"},"modified":"2023-11-08T11:17:18","modified_gmt":"2023-11-08T10:17:18","slug":"home-3","status":"publish","type":"page","link":"https:\/\/www.athae.com\/","title":{"rendered":"Atha\u00e9 &#8211; Cabinet d&rsquo;avocat en droit des affaires"},"content":{"rendered":"\n<p><strong>Le cabinet Atha\u00e9,<\/strong> pr\u00e9sent \u00e0 Lyon et Annecy, accompagne les entrepreneurs et les investisseurs en droit des affaires.<\/p>\n\n\n\n<p>L&rsquo;activit\u00e9 du cabinet recouvre plusieurs domaines du droit, \u00e0 savoir :<\/p>\n\n\n\n<ul class=\"wp-block-list\">\n<li><strong>le droit des soci\u00e9t\u00e9s<\/strong>&nbsp;(constitutions de soci\u00e9t\u00e9s, suivi juridique, transmissions, rapprochements d&rsquo;entreprises, fusions-acquisitions, op\u00e9rations de haut de bilan et lev\u00e9es de fonds, restructurations, relations entre associ\u00e9s),<\/li>\n\n\n\n<li><strong>le droit<\/strong><strong>&nbsp;commercial<\/strong>&nbsp;(baux commerciaux, contrats de location-g\u00e9rance, cession de fonds de commerce, conception et mise en \u0153uvre de r\u00e9seaux de distribution, CGV\/CGU et plus g\u00e9n\u00e9ralement tout contrat commercial);<\/li>\n\n\n\n<li>ainsi que&nbsp;<strong>le droit des nouvelles technologies<\/strong>&nbsp;afin d&rsquo;accompagner les porteurs de projets innovants en participant \u00e0 leur conception et \u00e0 leur mise en \u0153uvre (contrats informatiques, protection des donn\u00e9es&#8230;) .<\/li>\n<\/ul>\n\n\n<h2><strong>Pour nous contacter :<\/strong><\/h2>\n<p><strong>T\u00e9l\u00e9phone :<\/strong> 04 50 45 75 13<\/p>\n<p><strong>Mail :<\/strong> contact@athae.com<\/p>\n<p><strong>Cabinet de LYON :<\/strong> 84 rue de la Part Dieu &#8211; 69003 LYON<\/p>\n<p><strong>Cabinet d&rsquo;ANNECY :<\/strong> 13 bis rue Louis Revon &#8211; 74000 ANNECY<\/p>","protected":false},"excerpt":{"rendered":"<p>Le cabinet Atha\u00e9, pr\u00e9sent \u00e0 Lyon et Annecy, accompagne les entrepreneurs et les investisseurs en droit des affaires. L&rsquo;activit\u00e9 du cabinet recouvre plusieurs domaines du droit, \u00e0 savoir : Pour nous contacter : T\u00e9l\u00e9phone : 04 50 45 75 13 Mail : contact@athae.com Cabinet de LYON : 84 rue de la Part Dieu &#8211; 69003 &hellip; <\/p>\n<p class=\"link-more\"><a href=\"https:\/\/www.athae.com\/\" class=\"more-link\">Continuer la lecture<span class=\"screen-reader-text\"> de &laquo;&nbsp;Atha\u00e9 &#8211; Cabinet d&rsquo;avocat en droit des affaires&nbsp;&raquo;<\/span><\/a><\/p>\n","protected":false},"author":1,"featured_media":0,"parent":0,"menu_order":0,"comment_status":"closed","ping_status":"closed","template":"","meta":{"footnotes":""},"class_list":["post-21","page","type-page","status-publish","hentry"],"_links":{"self":[{"href":"https:\/\/www.athae.com\/index.php?rest_route=\/wp\/v2\/pages\/21","targetHints":{"allow":["GET"]}}],"collection":[{"href":"https:\/\/www.athae.com\/index.php?rest_route=\/wp\/v2\/pages"}],"about":[{"href":"https:\/\/www.athae.com\/index.php?rest_route=\/wp\/v2\/types\/page"}],"author":[{"embeddable":true,"href":"https:\/\/www.athae.com\/index.php?rest_route=\/wp\/v2\/users\/1"}],"replies":[{"embeddable":true,"href":"https:\/\/www.athae.com\/index.php?rest_route=%2Fwp%2Fv2%2Fcomments&post=21"}],"version-history":[{"count":8,"href":"https:\/\/www.athae.com\/index.php?rest_route=\/wp\/v2\/pages\/21\/revisions"}],"predecessor-version":[{"id":165,"href":"https:\/\/www.athae.com\/index.php?rest_route=\/wp\/v2\/pages\/21\/revisions\/165"}],"wp:attachment":[{"href":"https:\/\/www.athae.com\/index.php?rest_route=%2Fwp%2Fv2%2Fmedia&parent=21"}],"curies":[{"name":"wp","href":"https:\/\/api.w.org\/{rel}","templated":true}]}}